{"id":348,"date":"2024-05-09T17:46:45","date_gmt":"2024-05-09T17:46:45","guid":{"rendered":"https:\/\/dermin.com.br\/?page_id=348"},"modified":"2024-06-04T17:37:19","modified_gmt":"2024-06-04T17:37:19","slug":"estetica-avancada","status":"publish","type":"page","link":"https:\/\/dermin.com.br\/?page_id=348","title":{"rendered":"Est\u00e9tica Avan\u00e7ada"},"content":{"rendered":"\t\t<div data-elementor-type=\"wp-page\" data-elementor-id=\"348\" class=\"elementor elementor-348\">\n\t\t\t\t\t\t\t\t\t<section class=\"elementor-section elementor-top-section elementor-element elementor-element-5425e3ea elementor-section-boxed elementor-section-height-default elementor-section-height-default\" data-id=\"5425e3ea\" data-element_type=\"section\">\n\t\t\t\t\t\t<div class=\"elementor-container elementor-column-gap-default\">\n\t\t\t\t\t<div class=\"elementor-column elementor-col-33 elementor-top-column elementor-element elementor-element-1b66fb2d\" data-id=\"1b66fb2d\" data-element_type=\"column\">\n\t\t\t<div class=\"elementor-widget-wrap elementor-element-populated\">\n\t\t\t\t\t\t\t\t<div class=\"elementor-element elementor-element-33c560a6 elementor-widget elementor-widget-image\" data-id=\"33c560a6\" data-element_type=\"widget\" data-widget_type=\"image.default\">\n\t\t\t\t<div class=\"elementor-widget-container\">\n\t\t\t<style>\/*! elementor - v3.11.2 - 22-02-2023 *\/\n.elementor-widget-image{text-align:center}.elementor-widget-image a{display:inline-block}.elementor-widget-image a img[src$=\".svg\"]{width:48px}.elementor-widget-image img{vertical-align:middle;display:inline-block}<\/style>\t\t\t\t\t\t\t\t\t\t\t\t\t<a href=\"https:\/\/dermin.com.br\/\">\n\t\t\t\t\t\t\t<img loading=\"lazy\" decoding=\"async\" width=\"346\" height=\"115\" src=\"https:\/\/dermin.com.br\/wp-content\/uploads\/2024\/05\/demin-logo-vertical-com-tagline-branco-1x.png\" class=\"attachment-full size-full wp-image-380\" alt=\"\" srcset=\"https:\/\/dermin.com.br\/wp-content\/uploads\/2024\/05\/demin-logo-vertical-com-tagline-branco-1x.png 346w, https:\/\/dermin.com.br\/wp-content\/uploads\/2024\/05\/demin-logo-vertical-com-tagline-branco-1x-300x100.png 300w\" sizes=\"(max-width: 346px) 100vw, 346px\" \/>\t\t\t\t\t\t\t\t<\/a>\n\t\t\t\t\t\t\t\t\t\t\t\t\t\t\t<\/div>\n\t\t\t\t<\/div>\n\t\t\t\t\t<\/div>\n\t\t<\/div>\n\t\t\t\t<div class=\"elementor-column elementor-col-33 elementor-top-column elementor-element elementor-element-f1a00dd\" data-id=\"f1a00dd\" data-element_type=\"column\" data-settings=\"{&quot;background_background&quot;:&quot;classic&quot;}\">\n\t\t\t<div class=\"elementor-widget-wrap elementor-element-populated\">\n\t\t\t\t\t\t\t\t<div class=\"elementor-element elementor-element-72685a9c elementor-widget elementor-widget-jkit_nav_menu\" data-id=\"72685a9c\" data-element_type=\"widget\" data-widget_type=\"jkit_nav_menu.default\">\n\t\t\t\t<div class=\"elementor-widget-container\">\n\t\t\t<div  class=\"jeg-elementor-kit jkit-nav-menu break-point-tablet submenu-click-title jeg_module___69e15f4278979\"  data-item-indicator=\"&lt;i aria-hidden=&quot;true&quot; class=&quot;fas fa-angle-down&quot;&gt;&lt;\/i&gt;\"><button aria-label=\"open-menu\" class=\"jkit-hamburger-menu\"><i aria-hidden=\"true\" class=\"fas fa-bars\"><\/i><\/button>\n        <div class=\"jkit-menu-wrapper\"><div class=\"jkit-menu-container\"><ul id=\"menu-nav-1\" class=\"jkit-menu jkit-menu-direction-flex jkit-submenu-position-top\"><li id=\"menu-item-496\" class=\"menu-item menu-item-type-post_type menu-item-object-page menu-item-496\"><a href=\"https:\/\/dermin.com.br\/?page_id=405\">Dermatologia Clinica<\/a><\/li>\n<li id=\"menu-item-548\" class=\"menu-item menu-item-type-post_type menu-item-object-page current_page_parent menu-item-548\"><a href=\"https:\/\/dermin.com.br\/?page_id=539\">Cir\u00fargica<\/a><\/li>\n<li id=\"menu-item-497\" class=\"menu-item menu-item-type-post_type menu-item-object-page menu-item-497\"><a href=\"https:\/\/dermin.com.br\/?page_id=348\">Est\u00e9tica Avan\u00e7ada<\/a><\/li>\n<\/ul><\/div>\n            <div class=\"jkit-nav-identity-panel\">\n                <div class=\"jkit-nav-site-title\"><a href=\"https:\/\/dermin.com.br\" class=\"jkit-nav-logo\"><img loading=\"lazy\" decoding=\"async\" width=\"346\" height=\"115\" src=\"https:\/\/dermin.com.br\/wp-content\/uploads\/2024\/05\/demin-logo-vertical-com-tagline-branco-1x.png\" class=\"attachment-full size-full\" alt=\"\" url=\"https:\/\/dermin.com.br\/wp-content\/uploads\/2024\/05\/demin-logo-vertical-com-tagline-branco-1x.png\" source=\"library\" srcset=\"https:\/\/dermin.com.br\/wp-content\/uploads\/2024\/05\/demin-logo-vertical-com-tagline-branco-1x.png 346w, https:\/\/dermin.com.br\/wp-content\/uploads\/2024\/05\/demin-logo-vertical-com-tagline-branco-1x-300x100.png 300w\" sizes=\"(max-width: 346px) 100vw, 346px\" \/><\/a><\/div>\n                <button aria-label=\"close-menu\" class=\"jkit-close-menu\"><i aria-hidden=\"true\" class=\"fas fa-times\"><\/i><\/button>\n            <\/div>\n        <\/div>\n        <div class=\"jkit-overlay\"><\/div><\/div>\t\t<\/div>\n\t\t\t\t<\/div>\n\t\t\t\t\t<\/div>\n\t\t<\/div>\n\t\t\t\t<div class=\"elementor-column elementor-col-33 elementor-top-column elementor-element elementor-element-57ea29b elementor-hidden-tablet elementor-hidden-phone\" data-id=\"57ea29b\" data-element_type=\"column\">\n\t\t\t<div class=\"elementor-widget-wrap elementor-element-populated\">\n\t\t\t\t\t\t\t\t<div class=\"elementor-element elementor-element-4a3f5062 elementor-align-justify elementor-widget elementor-widget-button\" data-id=\"4a3f5062\" data-element_type=\"widget\" data-widget_type=\"button.default\">\n\t\t\t\t<div class=\"elementor-widget-container\">\n\t\t\t\t\t<div class=\"elementor-button-wrapper\">\n\t\t\t<a href=\"https:\/\/wa.link\/geo3n3\" class=\"elementor-button-link elementor-button elementor-size-sm\" role=\"button\">\n\t\t\t\t\t\t<span class=\"elementor-button-content-wrapper\">\n\t\t\t\t\t\t<span class=\"elementor-button-text\">Contato<\/span>\n\t\t<\/span>\n\t\t\t\t\t<\/a>\n\t\t<\/div>\n\t\t\t\t<\/div>\n\t\t\t\t<\/div>\n\t\t\t\t\t<\/div>\n\t\t<\/div>\n\t\t\t\t\t\t\t<\/div>\n\t\t<\/section>\n\t\t\t\t<section class=\"elementor-section elementor-top-section elementor-element elementor-element-4260a76e elementor-section-full_width elementor-section-height-default elementor-section-height-default\" data-id=\"4260a76e\" data-element_type=\"section\" data-settings=\"{&quot;background_background&quot;:&quot;gradient&quot;,&quot;shape_divider_bottom&quot;:&quot;waves&quot;}\">\n\t\t\t\t\t\t\t<div class=\"elementor-background-overlay\"><\/div>\n\t\t\t\t\t\t<div class=\"elementor-shape elementor-shape-bottom\" data-negative=\"false\">\n\t\t\t<svg xmlns=\"http:\/\/www.w3.org\/2000\/svg\" viewBox=\"0 0 1000 100\" preserveAspectRatio=\"none\">\n\t<path class=\"elementor-shape-fill\" d=\"M421.9,6.5c22.6-2.5,51.5,0.4,75.5,5.3c23.6,4.9,70.9,23.5,100.5,35.7c75.8,32.2,133.7,44.5,192.6,49.7\n\tc23.6,2.1,48.7,3.5,103.4-2.5c54.7-6,106.2-25.6,106.2-25.6V0H0v30.3c0,0,72,32.6,158.4,30.5c39.2-0.7,92.8-6.7,134-22.4\n\tc21.2-8.1,52.2-18.2,79.7-24.2C399.3,7.9,411.6,7.5,421.9,6.5z\"\/>\n<\/svg>\t\t<\/div>\n\t\t\t\t\t<div class=\"elementor-container elementor-column-gap-no\">\n\t\t\t\t\t<div class=\"elementor-column elementor-col-33 elementor-top-column elementor-element elementor-element-3bc54c19\" data-id=\"3bc54c19\" data-element_type=\"column\">\n\t\t\t<div class=\"elementor-widget-wrap\">\n\t\t\t\t\t\t\t\t\t<\/div>\n\t\t<\/div>\n\t\t\t\t<div class=\"elementor-column elementor-col-33 elementor-top-column elementor-element elementor-element-1ce9a5ce\" data-id=\"1ce9a5ce\" data-element_type=\"column\">\n\t\t\t<div class=\"elementor-widget-wrap elementor-element-populated\">\n\t\t\t\t\t\t\t\t<div class=\"elementor-element elementor-element-9a2bfa1 elementor-widget elementor-widget-heading\" data-id=\"9a2bfa1\" data-element_type=\"widget\" data-widget_type=\"heading.default\">\n\t\t\t\t<div class=\"elementor-widget-container\">\n\t\t\t<style>\/*! elementor - v3.11.2 - 22-02-2023 *\/\n.elementor-heading-title{padding:0;margin:0;line-height:1}.elementor-widget-heading .elementor-heading-title[class*=elementor-size-]>a{color:inherit;font-size:inherit;line-height:inherit}.elementor-widget-heading .elementor-heading-title.elementor-size-small{font-size:15px}.elementor-widget-heading .elementor-heading-title.elementor-size-medium{font-size:19px}.elementor-widget-heading .elementor-heading-title.elementor-size-large{font-size:29px}.elementor-widget-heading .elementor-heading-title.elementor-size-xl{font-size:39px}.elementor-widget-heading .elementor-heading-title.elementor-size-xxl{font-size:59px}<\/style><h2 class=\"elementor-heading-title elementor-size-default\">Est\u00e9tica Avan\u00e7ada<\/h2>\t\t<\/div>\n\t\t\t\t<\/div>\n\t\t\t\t<div class=\"elementor-element elementor-element-3a653058 elementor-widget__width-initial elementor-absolute elementor-invisible elementor-widget elementor-widget-image\" data-id=\"3a653058\" data-element_type=\"widget\" data-settings=\"{&quot;_position&quot;:&quot;absolute&quot;,&quot;_animation&quot;:&quot;fadeInDown&quot;}\" data-widget_type=\"image.default\">\n\t\t\t\t<div class=\"elementor-widget-container\">\n\t\t\t\t\t\t\t\t\t\t\t\t\t\t\t<img loading=\"lazy\" decoding=\"async\" width=\"819\" height=\"1000\" src=\"https:\/\/dermin.com.br\/wp-content\/uploads\/2024\/05\/petal-1.png\" class=\"attachment-full size-full wp-image-265\" alt=\"\" srcset=\"https:\/\/dermin.com.br\/wp-content\/uploads\/2024\/05\/petal-1.png 819w, https:\/\/dermin.com.br\/wp-content\/uploads\/2024\/05\/petal-1-246x300.png 246w, https:\/\/dermin.com.br\/wp-content\/uploads\/2024\/05\/petal-1-768x938.png 768w\" sizes=\"(max-width: 819px) 100vw, 819px\" \/>\t\t\t\t\t\t\t\t\t\t\t\t\t\t\t<\/div>\n\t\t\t\t<\/div>\n\t\t\t\t\t<\/div>\n\t\t<\/div>\n\t\t\t\t<div class=\"elementor-column elementor-col-33 elementor-top-column elementor-element elementor-element-39cf82cf\" data-id=\"39cf82cf\" data-element_type=\"column\">\n\t\t\t<div class=\"elementor-widget-wrap\">\n\t\t\t\t\t\t\t\t\t<\/div>\n\t\t<\/div>\n\t\t\t\t\t\t\t<\/div>\n\t\t<\/section>\n\t\t\t\t<section class=\"elementor-section elementor-top-section elementor-element elementor-element-7cfc2c43 elementor-section-boxed elementor-section-height-default elementor-section-height-default\" data-id=\"7cfc2c43\" data-element_type=\"section\">\n\t\t\t\t\t\t<div class=\"elementor-container elementor-column-gap-no\">\n\t\t\t\t\t<div class=\"elementor-column elementor-col-50 elementor-top-column elementor-element elementor-element-37ce5eb7\" data-id=\"37ce5eb7\" data-element_type=\"column\">\n\t\t\t<div class=\"elementor-widget-wrap elementor-element-populated\">\n\t\t\t\t\t\t\t\t<div class=\"elementor-element elementor-element-097b6b8 elementor-widget elementor-widget-jkit_portfolio_gallery\" data-id=\"097b6b8\" data-element_type=\"widget\" data-widget_type=\"jkit_portfolio_gallery.default\">\n\t\t\t\t<div class=\"elementor-widget-container\">\n\t\t\t<div  class=\"jeg-elementor-kit jkit-portfolio-gallery on-hover jeg_module__1_69e15f4284bea\" ><div class=\"portfolio-gallery-container\">\n            <div class=\"row-items\"><div class=\"row-item elementor-repeater-item-8fdcf12 current-item\" data-tab=\"portfolio-gallery-tab-0\"><div class=\"row-item-info\">\n            <p class=\"info-subtitle\"><\/p>\n            <h2 class=\"info-title\">Injet\u00e1veis<\/h2>\n        <\/div><\/div><div class=\"row-item elementor-repeater-item-adda6e7 \" data-tab=\"portfolio-gallery-tab-1\"><div class=\"row-item-info\">\n            <p class=\"info-subtitle\"><\/p>\n            <h2 class=\"info-title\">Peeling<\/h2>\n        <\/div><\/div><div class=\"row-item elementor-repeater-item-f59cb04 \" data-tab=\"portfolio-gallery-tab-2\"><div class=\"row-item-info\">\n            <p class=\"info-subtitle\"><\/p>\n            <h2 class=\"info-title\">Laser<\/h2>\n        <\/div><\/div><\/div>\n            <div class=\"gallery-items\"><div id=\"portfolio-gallery-tab-0\" class=\"image-item current-item\" data-background=\"https:\/\/dermin.com.br\/wp-content\/uploads\/2024\/05\/Dermin-website-6-1024x1024.png\" style=\"background-image:url(https:\/\/dermin.com.br\/wp-content\/uploads\/2024\/05\/Dermin-website-6-1024x1024.png);\"><\/div><div id=\"portfolio-gallery-tab-1\" class=\"image-item \" data-background=\"https:\/\/dermin.com.br\/wp-content\/uploads\/2024\/05\/Dermin-website-5-1024x1024.png\" style=\"background-image:url(https:\/\/dermin.com.br\/wp-content\/uploads\/2024\/05\/Dermin-website-5-1024x1024.png);\"><\/div><div id=\"portfolio-gallery-tab-2\" class=\"image-item \" data-background=\"https:\/\/dermin.com.br\/wp-content\/uploads\/2024\/05\/Dermin-website-7-2-1024x1024.png\" style=\"background-image:url(https:\/\/dermin.com.br\/wp-content\/uploads\/2024\/05\/Dermin-website-7-2-1024x1024.png);\"><\/div><\/div>\n        <\/div><\/div>\t\t<\/div>\n\t\t\t\t<\/div>\n\t\t\t\t\t<\/div>\n\t\t<\/div>\n\t\t\t\t<div class=\"elementor-column elementor-col-50 elementor-top-column elementor-element elementor-element-226c3ddc\" data-id=\"226c3ddc\" data-element_type=\"column\">\n\t\t\t<div class=\"elementor-widget-wrap elementor-element-populated\">\n\t\t\t\t\t\t\t\t<div class=\"elementor-element elementor-element-652b58da elementor-widget elementor-widget-heading\" data-id=\"652b58da\" data-element_type=\"widget\" data-widget_type=\"heading.default\">\n\t\t\t\t<div class=\"elementor-widget-container\">\n\t\t\t<h2 class=\"elementor-heading-title elementor-size-default\">Tratamentos<\/h2>\t\t<\/div>\n\t\t\t\t<\/div>\n\t\t\t\t<div class=\"elementor-element elementor-element-5e549a14 elementor-widget elementor-widget-jkit_accordion\" data-id=\"5e549a14\" data-element_type=\"widget\" data-widget_type=\"jkit_accordion.default\">\n\t\t\t\t<div class=\"elementor-widget-container\">\n\t\t\t<div  class=\"jeg-elementor-kit jkit-accordion style-shadow jeg_module__2_69e15f428b7e7\" ><div class=\"card-wrapper \">\n                <div class=\"card-header\">\n                    <a href=\"#expand-96d6c72\" class=\"card-header-button\" aria-expanded=\"false\" data-target=\"#expand-96d6c72\" aria-controls=\"expand-96d6c72\">\n                        <span class=\"title\">Tratamentos para Rejuvenescimento<\/span><div class=\"right-icon-group\">\n                <div class=\"normal-icon\"><i aria-hidden=\"true\" class=\"jki jki-chevron-down-light\"><\/i><\/div>\n                <div class=\"active-icon\"><i aria-hidden=\"true\" class=\"jki jki-times-solid\"><\/i><\/div>\n            <\/div>\n                    <\/a>\n                <\/div>\n                <div class=\"card-expand\" id=\"expand-96d6c72\" style=\"display:none\"><div class=\"card-body\"><p>Nossos tratamentos de rejuvenescimento facial e corporal empregam t\u00e9cnicas personalizadas para restaurar a hidrata\u00e7\u00e3o, elasticidade e volume da pele, minimizando rugas e promovendo uma apar\u00eancia mais jovem e saud\u00e1vel.<\/p><\/div><\/div>\n            <\/div><div class=\"card-wrapper \">\n                <div class=\"card-header\">\n                    <a href=\"#expand-5ce7225\" class=\"card-header-button\" aria-expanded=\"false\" data-target=\"#expand-5ce7225\" aria-controls=\"expand-5ce7225\">\n                        <span class=\"title\">Tratamentos para Estria<\/span><div class=\"right-icon-group\">\n                <div class=\"normal-icon\"><i aria-hidden=\"true\" class=\"jki jki-chevron-down-light\"><\/i><\/div>\n                <div class=\"active-icon\"><i aria-hidden=\"true\" class=\"jki jki-times-solid\"><\/i><\/div>\n            <\/div>\n                    <\/a>\n                <\/div>\n                <div class=\"card-expand\" id=\"expand-5ce7225\" style=\"display:none\"><div class=\"card-body\"><p>Para minimizar as estrias, oferecemos uma sele\u00e7\u00e3o de terapias avan\u00e7adas que visam melhorar a textura da pele e reduzir a apar\u00eancia das marcas, alcan\u00e7ando resultados eficazes e duradouros.<\/p><\/div><\/div>\n            <\/div><div class=\"card-wrapper \">\n                <div class=\"card-header\">\n                    <a href=\"#expand-4484651\" class=\"card-header-button\" aria-expanded=\"false\" data-target=\"#expand-4484651\" aria-controls=\"expand-4484651\">\n                        <span class=\"title\">Cicatriz de Acne\/Cir\u00fargicas<\/span><div class=\"right-icon-group\">\n                <div class=\"normal-icon\"><i aria-hidden=\"true\" class=\"jki jki-chevron-down-light\"><\/i><\/div>\n                <div class=\"active-icon\"><i aria-hidden=\"true\" class=\"jki jki-times-solid\"><\/i><\/div>\n            <\/div>\n                    <\/a>\n                <\/div>\n                <div class=\"card-expand\" id=\"expand-4484651\" style=\"display:none\"><div class=\"card-body\"><p>Utilizamos m\u00e9todos inovadores para tratar cicatrizes de acne e cir\u00fargicas, focando em suavizar a textura da pele e melhorar significativamente a apar\u00eancia das cicatrizes atrav\u00e9s de tratamentos personalizados.<\/p><\/div><\/div>\n            <\/div><div class=\"card-wrapper \">\n                <div class=\"card-header\">\n                    <a href=\"#expand-9b35bf6\" class=\"card-header-button\" aria-expanded=\"false\" data-target=\"#expand-9b35bf6\" aria-controls=\"expand-9b35bf6\">\n                        <span class=\"title\">Laser<\/span><div class=\"right-icon-group\">\n                <div class=\"normal-icon\"><i aria-hidden=\"true\" class=\"jki jki-chevron-down-light\"><\/i><\/div>\n                <div class=\"active-icon\"><i aria-hidden=\"true\" class=\"jki jki-times-solid\"><\/i><\/div>\n            <\/div>\n                    <\/a>\n                <\/div>\n                <div class=\"card-expand\" id=\"expand-9b35bf6\" style=\"display:none\"><div class=\"card-body\"><p>Empregamos a tecnologia de laser Fotona 4D, juntamente com outros m\u00e9todos avan\u00e7ados, para proporcionar tratamentos precisos que melhoram a textura e apar\u00eancia da pele, oferecendo solu\u00e7\u00f5es eficazes para uma variedade de preocupa\u00e7\u00f5es dermatol\u00f3gicas.<\/p><\/div><\/div>\n            <\/div><div class=\"card-wrapper \">\n                <div class=\"card-header\">\n                    <a href=\"#expand-a076c4d\" class=\"card-header-button\" aria-expanded=\"false\" data-target=\"#expand-a076c4d\" aria-controls=\"expand-a076c4d\">\n                        <span class=\"title\">Ultrassom Micro\/Macrofocado<\/span><div class=\"right-icon-group\">\n                <div class=\"normal-icon\"><i aria-hidden=\"true\" class=\"jki jki-chevron-down-light\"><\/i><\/div>\n                <div class=\"active-icon\"><i aria-hidden=\"true\" class=\"jki jki-times-solid\"><\/i><\/div>\n            <\/div>\n                    <\/a>\n                <\/div>\n                <div class=\"card-expand\" id=\"expand-a076c4d\" style=\"display:none\"><div class=\"card-body\"><p>O ultrassom micro e macrofocado \u00e9 uma t\u00e9cnica avan\u00e7ada em nossa cl\u00ednica que oferece um lifting n\u00e3o invasivo e melhoria da firmeza da pele, promovendo a produ\u00e7\u00e3o de col\u00e1geno e resultando em um rejuvenescimento vis\u00edvel.<\/p><\/div><\/div>\n            <\/div><div class=\"card-wrapper \">\n                <div class=\"card-header\">\n                    <a href=\"#expand-73aab96\" class=\"card-header-button\" aria-expanded=\"false\" data-target=\"#expand-73aab96\" aria-controls=\"expand-73aab96\">\n                        <span class=\"title\">Injet\u00e1veis<\/span><div class=\"right-icon-group\">\n                <div class=\"normal-icon\"><i aria-hidden=\"true\" class=\"jki jki-chevron-down-light\"><\/i><\/div>\n                <div class=\"active-icon\"><i aria-hidden=\"true\" class=\"jki jki-times-solid\"><\/i><\/div>\n            <\/div>\n                    <\/a>\n                <\/div>\n                <div class=\"card-expand\" id=\"expand-73aab96\" style=\"display:none\"><div class=\"card-body\"><p>Nossos tratamentos injet\u00e1veis, incluindo preenchimentos e toxinas, s\u00e3o cuidadosamente administrados para restaurar volume, suavizar linhas de express\u00e3o e rejuvenescer a apar\u00eancia facial com resultados naturais e duradouros.<\/p><\/div><\/div>\n            <\/div><div class=\"card-wrapper \">\n                <div class=\"card-header\">\n                    <a href=\"#expand-fdbb4d6\" class=\"card-header-button\" aria-expanded=\"false\" data-target=\"#expand-fdbb4d6\" aria-controls=\"expand-fdbb4d6\">\n                        <span class=\"title\">Peelings Qu\u00edmicos<\/span><div class=\"right-icon-group\">\n                <div class=\"normal-icon\"><i aria-hidden=\"true\" class=\"jki jki-chevron-down-light\"><\/i><\/div>\n                <div class=\"active-icon\"><i aria-hidden=\"true\" class=\"jki jki-times-solid\"><\/i><\/div>\n            <\/div>\n                    <\/a>\n                <\/div>\n                <div class=\"card-expand\" id=\"expand-fdbb4d6\" style=\"display:none\"><div class=\"card-body\"><p>Os peelings qu\u00edmicos em nossa cl\u00ednica s\u00e3o personalizados para cada tipo de pele, promovendo a renova\u00e7\u00e3o celular, melhorando a textura da pele e reduzindo manchas, para um rejuvenescimento eficaz e radiante.<\/p><\/div><\/div>\n            <\/div><\/div>\t\t<\/div>\n\t\t\t\t<\/div>\n\t\t\t\t<div class=\"elementor-element elementor-element-a6cb293 elementor-align-center elementor-widget elementor-widget-button\" data-id=\"a6cb293\" data-element_type=\"widget\" data-widget_type=\"button.default\">\n\t\t\t\t<div class=\"elementor-widget-container\">\n\t\t\t\t\t<div class=\"elementor-button-wrapper\">\n\t\t\t<a href=\"https:\/\/wa.link\/geo3n3\" class=\"elementor-button-link elementor-button elementor-size-sm\" role=\"button\">\n\t\t\t\t\t\t<span class=\"elementor-button-content-wrapper\">\n\t\t\t\t\t\t<span class=\"elementor-button-text\">Saiba Mais<\/span>\n\t\t<\/span>\n\t\t\t\t\t<\/a>\n\t\t<\/div>\n\t\t\t\t<\/div>\n\t\t\t\t<\/div>\n\t\t\t\t\t<\/div>\n\t\t<\/div>\n\t\t\t\t\t\t\t<\/div>\n\t\t<\/section>\n\t\t\t\t\t\t\t<\/div>\n\t\t","protected":false},"excerpt":{"rendered":"<p>Dermatologia Clinica Cir\u00fargica Est\u00e9tica Avan\u00e7ada Contato Est\u00e9tica Avan\u00e7ada Injet\u00e1veis Peeling Laser Tratamentos Tratamentos para Rejuvenescimento Nossos tratamentos de rejuvenescimento facial e corporal empregam t\u00e9cnicas personalizadas para restaurar a hidrata\u00e7\u00e3o, elasticidade e volume da pele, minimizando rugas e promovendo uma apar\u00eancia mais jovem e saud\u00e1vel. Tratamentos para Estria Para minimizar as estrias, oferecemos uma sele\u00e7\u00e3o de [&hellip;]<\/p>\n","protected":false},"author":1,"featured_media":0,"parent":0,"menu_order":0,"comment_status":"closed","ping_status":"closed","template":"elementor_header_footer","meta":{"footnotes":""},"_links":{"self":[{"href":"https:\/\/dermin.com.br\/index.php?rest_route=\/wp\/v2\/pages\/348"}],"collection":[{"href":"https:\/\/dermin.com.br\/index.php?rest_route=\/wp\/v2\/pages"}],"about":[{"href":"https:\/\/dermin.com.br\/index.php?rest_route=\/wp\/v2\/types\/page"}],"author":[{"embeddable":true,"href":"https:\/\/dermin.com.br\/index.php?rest_route=\/wp\/v2\/users\/1"}],"replies":[{"embeddable":true,"href":"https:\/\/dermin.com.br\/index.php?rest_route=%2Fwp%2Fv2%2Fcomments&post=348"}],"version-history":[{"count":60,"href":"https:\/\/dermin.com.br\/index.php?rest_route=\/wp\/v2\/pages\/348\/revisions"}],"predecessor-version":[{"id":593,"href":"https:\/\/dermin.com.br\/index.php?rest_route=\/wp\/v2\/pages\/348\/revisions\/593"}],"wp:attachment":[{"href":"https:\/\/dermin.com.br\/index.php?rest_route=%2Fwp%2Fv2%2Fmedia&parent=348"}],"curies":[{"name":"wp","href":"https:\/\/api.w.org\/{rel}","templated":true}]}}